{"id":239,"date":"2020-09-07T22:34:57","date_gmt":"2020-09-08T03:34:57","guid":{"rendered":"https:\/\/contratohumano.net\/co\/?page_id=239"},"modified":"2021-08-03T11:16:47","modified_gmt":"2021-08-03T16:16:47","slug":"capacitacion-virtual","status":"publish","type":"page","link":"https:\/\/contratohumano.net\/co\/capacitacion-virtual\/","title":{"rendered":"Capacitaci\u00f3n Virtual"},"content":{"rendered":"<p>[et_pb_section fb_built=\u00bb1&#8243; custom_padding_last_edited=\u00bbon|tablet\u00bb admin_label=\u00bbHeader\u00bb _builder_version=\u00bb4.5.6&#8243; background_enable_color=\u00bboff\u00bb use_background_color_gradient=\u00bbon\u00bb background_color_gradient_start=\u00bbrgba(249,91,7,0.13)\u00bb background_color_gradient_end=\u00bbrgba(249,91,7,0.13)\u00bb background_color_gradient_overlays_image=\u00bbon\u00bb background_image=\u00bbhttps:\/\/contratohumano.net\/co\/wp-content\/uploads\/2020\/09\/circle-background-pattern.png\u00bb background_position=\u00bbtop_center\u00bb custom_padding=\u00bb||50px|||\u00bb custom_padding_tablet=\u00bb||0vw|\u00bb custom_padding_phone=\u00bb\u00bb bottom_divider_style=\u00bbwave2&#8243; bottom_divider_color=\u00bb#ffffff\u00bb bottom_divider_height=\u00bb44%\u00bb bottom_divider_repeat=\u00bb0.6x\u00bb bottom_divider_flip=\u00bbvertical|horizontal\u00bb locked=\u00bboff\u00bb][et_pb_row _builder_version=\u00bb3.25&#8243; background_size=\u00bbinitial\u00bb background_position=\u00bbtop_left\u00bb background_repeat=\u00bbrepeat\u00bb custom_padding=\u00bb|||\u00bb animation_style=\u00bbslide\u00bb animation_direction=\u00bbtop\u00bb animation_intensity_slide=\u00bb3%\u00bb locked=\u00bboff\u00bb][et_pb_column type=\u00bb4_4&#8243; _builder_version=\u00bb3.25&#8243; custom_padding=\u00bb|||\u00bb custom_padding__hover=\u00bb|||\u00bb][et_pb_text _builder_version=\u00bb4.6.5&#8243; text_font=\u00bb||||||||\u00bb header_font=\u00bbPoppins|800||on|||||dotted\u00bb header_text_color=\u00bb#f95b07&#8243; header_font_size=\u00bb4em\u00bb header_line_height=\u00bb1.1em\u00bb background_size=\u00bbinitial\u00bb background_position=\u00bbtop_left\u00bb background_repeat=\u00bbrepeat\u00bb custom_margin=\u00bb|||\u00bb animation_style=\u00bbfade\u00bb header_font_size_tablet=\u00bb3em\u00bb header_font_size_phone=\u00bb1.8em\u00bb header_font_size_last_edited=\u00bbon|desktop\u00bb locked=\u00bboff\u00bb]<\/p>\n<h1>capacitaci\u00f3n Virtual<\/h1>\n<p>[\/et_pb_text][et_pb_divider show_divider=\u00bboff\u00bb disabled_on=\u00bbon|on|off%22&#8243; _builder_version=\u00bb3.2&#8243; max_width=\u00bb120px\u00bb animation_style=\u00bbslide\u00bb animation_direction=\u00bbtop\u00bb animation_intensity_slide=\u00bb30%\u00bb][\/et_pb_divider][\/et_pb_column][\/et_pb_row][\/et_pb_section][et_pb_section fb_built=\u00bb1&#8243; admin_label=\u00bbCourses Hero\u00bb _builder_version=\u00bb4.5.6&#8243; background_color=\u00bb#ffffff\u00bb background_color_gradient_direction=\u00bb165deg\u00bb background_enable_image=\u00bboff\u00bb background_position=\u00bbbottom_center\u00bb custom_padding=\u00bb4px|0px|25px|0px||\u00bb bottom_divider_style=\u00bbwave2&#8243; bottom_divider_color=\u00bb#f7f7f7&#8243; bottom_divider_height=\u00bb190px\u00bb bottom_divider_repeat=\u00bb0.6x\u00bb bottom_divider_flip=\u00bbhorizontal\u00bb animation_style=\u00bbslide\u00bb animation_direction=\u00bbtop\u00bb animation_intensity_slide=\u00bb2%\u00bb locked=\u00bboff\u00bb][et_pb_row custom_padding_last_edited=\u00bbon|phone\u00bb _builder_version=\u00bb4.6.5&#8243; background_size=\u00bbinitial\u00bb background_position=\u00bbtop_left\u00bb background_repeat=\u00bbrepeat\u00bb custom_margin=\u00bb|||\u00bb custom_padding_tablet=\u00bb\u00bb custom_padding_phone=\u00bb|0px||0px|false|false\u00bb custom_width_px=\u00bb1280px\u00bb][et_pb_column type=\u00bb4_4&#8243; _builder_version=\u00bb3.25&#8243; custom_padding=\u00bb|||\u00bb custom_padding__hover=\u00bb|||\u00bb][et_pb_text _builder_version=\u00bb4.6.5&#8243; _module_preset=\u00bbdefault\u00bb text_font=\u00bbPoppins|300|||||||\u00bb text_text_color=\u00bb#000000&#8243; text_font_size=\u00bb22px\u00bb text_line_height=\u00bb1.3em\u00bb width=\u00bb80%\u00bb width_tablet=\u00bb\u00bb width_phone=\u00bb100%\u00bb width_last_edited=\u00bbon|phone\u00bb module_alignment=\u00bbcenter\u00bb custom_margin=\u00bb||8px|||\u00bb custom_padding=\u00bb||6px|||\u00bb animation_style=\u00bbslide\u00bb animation_direction=\u00bbbottom\u00bb animation_intensity_slide=\u00bb5%\u00bb text_font_size_tablet=\u00bb\u00bb text_font_size_phone=\u00bb20px\u00bb text_font_size_last_edited=\u00bbon|phone\u00bb text_orientation_tablet=\u00bbleft\u00bb text_orientation_phone=\u00bbleft\u00bb text_orientation_last_edited=\u00bbon|phone\u00bb locked=\u00bboff\u00bb]<\/p>\n<p>Los programas de formaci\u00f3n y capacitaci\u00f3n son una oportunidad para el fortalecimiento de las capacidades y competencias individuales.<\/p>\n<p>[\/et_pb_text][et_pb_text _builder_version=\u00bb4.6.5&#8243; _module_preset=\u00bbdefault\u00bb text_font=\u00bbPoppins|300|||||||\u00bb text_text_color=\u00bb#000000&#8243; text_font_size=\u00bb22px\u00bb text_line_height=\u00bb1.3em\u00bb header_3_font=\u00bbPoppins|300|||||||\u00bb header_3_text_color=\u00bb#f95b07&#8243; header_3_font_size=\u00bb24px\u00bb width=\u00bb80%\u00bb width_tablet=\u00bb\u00bb width_phone=\u00bb100%\u00bb width_last_edited=\u00bbon|phone\u00bb module_alignment=\u00bbcenter\u00bb custom_margin=\u00bb||8px|||\u00bb custom_padding=\u00bb||6px|||\u00bb animation_style=\u00bbslide\u00bb animation_direction=\u00bbbottom\u00bb animation_intensity_slide=\u00bb5%\u00bb text_font_size_tablet=\u00bb\u00bb text_font_size_phone=\u00bb20px\u00bb text_font_size_last_edited=\u00bbon|phone\u00bb text_orientation_tablet=\u00bbleft\u00bb text_orientation_phone=\u00bbleft\u00bb text_orientation_last_edited=\u00bbon|phone\u00bb locked=\u00bboff\u00bb]<\/p>\n<p>Le invitamos a que conozca las alternativas de formaci\u00f3n en entornos ciento por ciento virtuales que tenemos para usted.<\/p>\n<p>[\/et_pb_text][\/et_pb_column][\/et_pb_row][\/et_pb_section][et_pb_section fb_built=\u00bb1&#8243; admin_label=\u00bbCourses\u00bb _builder_version=\u00bb4.6.5&#8243; background_color=\u00bb#f7f7f7&#8243; custom_margin=\u00bb||-1px||false|false\u00bb custom_padding=\u00bb0px|0px|100px|0px\u00bb bottom_divider_style=\u00bbwave2&#8243; bottom_divider_color=\u00bbrgba(249,91,7,0.6)\u00bb bottom_divider_flip=\u00bbhorizontal\u00bb][et_pb_row column_structure=\u00bb2_5,3_5&#8243; _builder_version=\u00bb3.25&#8243; background_size=\u00bbinitial\u00bb background_position=\u00bbtop_left\u00bb background_repeat=\u00bbrepeat\u00bb custom_margin=\u00bb|||\u00bb custom_padding=\u00bb0px|0px|27px|0px\u00bb][et_pb_column type=\u00bb2_5&#8243; _builder_version=\u00bb3.25&#8243; custom_padding=\u00bb|||\u00bb custom_padding__hover=\u00bb|||\u00bb][et_pb_cta title=\u00bbFormaci\u00f3n en Programaci\u00f3n y Gesti\u00f3n de Datos\u00bb button_url=\u00bb#\u00bb _builder_version=\u00bb4.5.6&#8243; header_font=\u00bbPoppins|600|||||||\u00bb header_text_color=\u00bb#f95b07&#8243; header_font_size=\u00bb30px\u00bb header_line_height=\u00bb1.2em\u00bb body_font=\u00bbPoppins|300|||||||\u00bb body_text_color=\u00bb#000000&#8243; body_font_size=\u00bb20px\u00bb body_line_height=\u00bb1.3em\u00bb background_color=\u00bb#ffffff\u00bb background_size=\u00bbinitial\u00bb background_position=\u00bbtop_left\u00bb background_repeat=\u00bbrepeat\u00bb custom_button=\u00bbon\u00bb button_text_color=\u00bb#747d88&#8243; button_border_width=\u00bb4px\u00bb button_border_color=\u00bb#747d88&#8243; button_border_radius=\u00bb100px\u00bb button_letter_spacing=\u00bb2px\u00bb button_font=\u00bbMontserrat|700||on|||||\u00bb button_icon=\u00bb%%36%%\u00bb button_icon_color=\u00bb#747d88&#8243; text_orientation=\u00bbleft\u00bb background_layout=\u00bblight\u00bb custom_margin=\u00bb20px|0px||0px|false|false\u00bb custom_padding=\u00bb20px|20px|20px|20px|true|true\u00bb animation_style=\u00bbslide\u00bb animation_direction=\u00bbtop\u00bb animation_intensity_slide=\u00bb6%\u00bb border_radii=\u00bboff|10px|10px||10px\u00bb box_shadow_style=\u00bbpreset2&#8243; box_shadow_horizontal=\u00bb0px\u00bb box_shadow_vertical=\u00bb0px\u00bb box_shadow_blur=\u00bb60px\u00bb box_shadow_color=\u00bbrgba(0,0,0,0.2)\u00bb button_bg_color_hover=\u00bbrgba(0,0,0,0)\u00bb locked=\u00bboff\u00bb button_text_size__hover_enabled=\u00bboff\u00bb button_one_text_size__hover_enabled=\u00bboff\u00bb button_two_text_size__hover_enabled=\u00bboff\u00bb button_text_color__hover_enabled=\u00bboff\u00bb button_one_text_color__hover_enabled=\u00bboff\u00bb button_two_text_color__hover_enabled=\u00bboff\u00bb button_border_width__hover_enabled=\u00bboff\u00bb button_one_border_width__hover_enabled=\u00bboff\u00bb button_two_border_width__hover_enabled=\u00bboff\u00bb button_border_color__hover_enabled=\u00bboff\u00bb button_one_border_color__hover_enabled=\u00bboff\u00bb button_two_border_color__hover_enabled=\u00bboff\u00bb button_border_radius__hover_enabled=\u00bboff\u00bb button_one_border_radius__hover_enabled=\u00bboff\u00bb button_two_border_radius__hover_enabled=\u00bboff\u00bb button_letter_spacing__hover_enabled=\u00bboff\u00bb button_one_letter_spacing__hover_enabled=\u00bboff\u00bb button_two_letter_spacing__hover_enabled=\u00bboff\u00bb button_bg_color__hover_enabled=\u00bbon\u00bb button_bg_color__hover=\u00bbrgba(0,0,0,0)\u00bb button_one_bg_color__hover_enabled=\u00bboff\u00bb button_two_bg_color__hover_enabled=\u00bboff\u00bb]<\/p>\n<p><span>Nuestro entorno constantemente est\u00e1 generando grandes vol\u00famenes de informaci\u00f3n en los diferentes \u00e1mbitos de la vida, en donde su an\u00e1lisis adecuado permitir\u00e1 una efectiva toma de decisiones. El reto est\u00e1 en la capacidad del profesional para captar la informaci\u00f3n y convertirla en datos para luego transformarla en conocimiento a trav\u00e9s de su an\u00e1lisis. Finalmente \u00e9ste \u00faltimo permitir\u00e1 estar un paso adelante en las din\u00e1micas de las organizaciones y sus mercados. Para lograr lo anterior, el profesional deber\u00e1 desarrollar competencias en el manejo de herramientas que permitan la gesti\u00f3n de grandes vol\u00famenes de informaci\u00f3n, como lo son:<\/span><\/p>\n<p>[\/et_pb_cta][\/et_pb_column][et_pb_column type=\u00bb3_5&#8243; _builder_version=\u00bb3.25&#8243; custom_padding=\u00bb|||\u00bb custom_padding__hover=\u00bb|||\u00bb][et_pb_accordion closed_toggle_text_color=\u00bbrgba(249,91,7,0.7)\u00bb icon_color=\u00bbrgba(249,91,7,0.54)\u00bb use_icon_font_size=\u00bbon\u00bb icon_font_size=\u00bb30px\u00bb _builder_version=\u00bb4.6.5&#8243; _module_preset=\u00bbdefault\u00bb toggle_font=\u00bbPoppins||||||||\u00bb animation_style=\u00bbslide\u00bb hover_enabled=\u00bb0&#8243; box_shadow_style=\u00bbpreset2&#8243; box_shadow_horizontal=\u00bb0px\u00bb box_shadow_vertical=\u00bb0px\u00bb box_shadow_blur=\u00bb60px\u00bb box_shadow_color=\u00bbrgba(0,0,0,0.2)\u00bb locked=\u00bboff\u00bb sticky_enabled=\u00bb0&#8243;][et_pb_accordion_item title=\u00bbCurso de Excel B\u00e1sico\u00bb open=\u00bbon\u00bb open_toggle_text_color=\u00bb#f95b07&#8243; _builder_version=\u00bb4.6.5&#8243; _module_preset=\u00bbdefault\u00bb body_font=\u00bbPoppins|300|||||||\u00bb body_text_color=\u00bb#000000&#8243; body_font_size=\u00bb20px\u00bb body_line_height=\u00bb1.3em\u00bb body_ul_position=\u00bbinside\u00bb body_ul_item_indent=\u00bb30px\u00bb body_ul_font=\u00bbPoppins|300|||||||\u00bb body_ul_text_color=\u00bb#000000&#8243; body_ul_font_size=\u00bb20px\u00bb custom_margin=\u00bb20px||20px||true|false\u00bb custom_padding=\u00bb|40px||40px|false|true\u00bb body_font_size_tablet=\u00bb\u00bb body_font_size_phone=\u00bb18px\u00bb body_font_size_last_edited=\u00bbon|phone\u00bb border_radii=\u00bboff|10px|10px|10px|\u00bb border_width_all=\u00bb0px\u00bb toggle_font=\u00bbPoppins||||||||\u00bb toggle_text_align=\u00bbleft\u00bb toggle_font_size=\u00bb26px\u00bb closed_toggle_font=\u00bbPoppins||||||||\u00bb toggle_font_size_tablet=\u00bb\u00bb toggle_font_size_phone=\u00bb25px\u00bb toggle_font_size_last_edited=\u00bbon|phone\u00bb]<\/p>\n<p>Aprende a utilizar las herramientas pr\u00e1cticas de Excel para el manejo de Bases de datos y aplicaci\u00f3n de funciones.<\/p>\n<p><a href=\"https:\/\/contratohumano.net\/co\/excel-basico\/\" class=\"course-btn\">Ver M\u00e1s<\/a><\/p>\n<p>[\/et_pb_accordion_item][et_pb_accordion_item title=\u00bbCurso de Excel Intermedio\u00bb open_toggle_text_color=\u00bb#f95b07&#8243; _builder_version=\u00bb4.5.6&#8243; _module_preset=\u00bbdefault\u00bb body_font=\u00bbPoppins|300|||||||\u00bb body_text_color=\u00bb#000000&#8243; body_font_size=\u00bb20px\u00bb body_line_height=\u00bb1.3em\u00bb body_ul_position=\u00bbinside\u00bb body_ul_item_indent=\u00bb30px\u00bb body_ul_font=\u00bbPoppins|300|||||||\u00bb body_ul_text_color=\u00bb#000000&#8243; body_ul_font_size=\u00bb20px\u00bb custom_margin=\u00bb20px||20px||true|false\u00bb custom_padding=\u00bb|40px||40px|false|true\u00bb body_font_size_tablet=\u00bb\u00bb body_font_size_phone=\u00bb18px\u00bb body_font_size_last_edited=\u00bbon|phone\u00bb border_radii=\u00bboff|10px|10px|10px|\u00bb border_width_all=\u00bb0px\u00bb toggle_font=\u00bbPoppins||||||||\u00bb toggle_text_align=\u00bbleft\u00bb toggle_font_size=\u00bb26px\u00bb closed_toggle_font=\u00bbPoppins||||||||\u00bb toggle_font_size_tablet=\u00bb\u00bb toggle_font_size_phone=\u00bb25px\u00bb toggle_font_size_last_edited=\u00bbon|phone\u00bb open=\u00bboff\u00bb]<\/p>\n<p>Organiza, analiza, y procesa la informaci\u00f3n para el an\u00e1lisis y la toma de decisiones.<\/p>\n<p><a href=\"https:\/\/contratohumano.net\/co\/excel-intermedio\/\" class=\"course-btn\">Ver M\u00e1s<\/a><\/p>\n<p>[\/et_pb_accordion_item][et_pb_accordion_item title=\u00bbCurso de Excel Avanzado\u00bb open_toggle_text_color=\u00bb#f95b07&#8243; _builder_version=\u00bb4.5.6&#8243; _module_preset=\u00bbdefault\u00bb body_font=\u00bbPoppins|300|||||||\u00bb body_text_color=\u00bb#000000&#8243; body_font_size=\u00bb20px\u00bb body_line_height=\u00bb1.3em\u00bb body_ul_position=\u00bbinside\u00bb body_ul_item_indent=\u00bb30px\u00bb body_ul_font=\u00bbPoppins|300|||||||\u00bb body_ul_text_color=\u00bb#000000&#8243; body_ul_font_size=\u00bb20px\u00bb custom_margin=\u00bb20px||20px||true|false\u00bb custom_padding=\u00bb|40px||40px|false|true\u00bb body_font_size_tablet=\u00bb\u00bb body_font_size_phone=\u00bb18px\u00bb body_font_size_last_edited=\u00bbon|phone\u00bb border_radii=\u00bboff|10px|10px|10px|\u00bb border_width_all=\u00bb0px\u00bb toggle_font=\u00bbPoppins||||||||\u00bb toggle_text_align=\u00bbleft\u00bb toggle_font_size=\u00bb26px\u00bb closed_toggle_font=\u00bbPoppins||||||||\u00bb toggle_font_size_tablet=\u00bb\u00bb toggle_font_size_phone=\u00bb25px\u00bb toggle_font_size_last_edited=\u00bbon|phone\u00bb open=\u00bboff\u00bb]<\/p>\n<p><span>Utiliza las herramientas de Inteligencia de Negocios de Excel para organizar y analizar grandes vol\u00famenes de informaci\u00f3n<\/span>.<\/p>\n<p><a href=\"https:\/\/contratohumano.net\/co\/excel-avanzado\/\" class=\"course-btn\">Ver M\u00e1s<\/a><\/p>\n<p>[\/et_pb_accordion_item][et_pb_accordion_item title=\u00bbCurso de Excel, Macros y Visual Basic\u00bb open_toggle_text_color=\u00bb#f95b07&#8243; _builder_version=\u00bb4.5.6&#8243; _module_preset=\u00bbdefault\u00bb body_font=\u00bbPoppins|300|||||||\u00bb body_text_color=\u00bb#000000&#8243; body_font_size=\u00bb20px\u00bb body_line_height=\u00bb1.3em\u00bb body_ul_position=\u00bbinside\u00bb body_ul_item_indent=\u00bb30px\u00bb body_ul_font=\u00bbPoppins|300|||||||\u00bb body_ul_text_color=\u00bb#000000&#8243; body_ul_font_size=\u00bb20px\u00bb custom_margin=\u00bb20px||20px||true|false\u00bb custom_padding=\u00bb|40px||40px|false|true\u00bb body_font_size_tablet=\u00bb\u00bb body_font_size_phone=\u00bb18px\u00bb body_font_size_last_edited=\u00bbon|phone\u00bb border_radii=\u00bboff|10px|10px|10px|\u00bb border_width_all=\u00bb0px\u00bb toggle_font=\u00bbPoppins||||||||\u00bb toggle_text_align=\u00bbleft\u00bb toggle_font_size=\u00bb26px\u00bb closed_toggle_font=\u00bbPoppins||||||||\u00bb toggle_font_size_tablet=\u00bb\u00bb toggle_font_size_phone=\u00bb25px\u00bb toggle_font_size_last_edited=\u00bbon|phone\u00bb open=\u00bboff\u00bb]<\/p>\n<p>Aprende desde la programaci\u00f3n a automatizar tareas repetitivas que ayudan a agilizar los procesos.<\/p>\n<p><a href=\"https:\/\/contratohumano.net\/co\/excel-macros-y-visual-basic\/\" class=\"course-btn\">Ver M\u00e1s<\/a><\/p>\n<p>[\/et_pb_accordion_item][et_pb_accordion_item title=\u00bbDiplomado de Inteligencia de Negocios\u00bb open_toggle_text_color=\u00bb#f95b07&#8243; _builder_version=\u00bb4.6.5&#8243; _module_preset=\u00bbdefault\u00bb body_font=\u00bbPoppins|300|||||||\u00bb body_text_color=\u00bb#000000&#8243; body_font_size=\u00bb20px\u00bb body_line_height=\u00bb1.3em\u00bb body_ul_position=\u00bbinside\u00bb body_ul_item_indent=\u00bb30px\u00bb body_ul_font=\u00bbPoppins|300|||||||\u00bb body_ul_text_color=\u00bb#000000&#8243; body_ul_font_size=\u00bb20px\u00bb custom_margin=\u00bb20px||20px||true|false\u00bb custom_padding=\u00bb|40px||40px|false|true\u00bb hover_enabled=\u00bb0&#8243; body_font_size_tablet=\u00bb\u00bb body_font_size_phone=\u00bb18px\u00bb body_font_size_last_edited=\u00bbon|phone\u00bb border_radii=\u00bboff|10px|10px|10px|\u00bb border_width_all=\u00bb0px\u00bb toggle_font=\u00bbPoppins||||||||\u00bb toggle_text_align=\u00bbleft\u00bb toggle_font_size=\u00bb26px\u00bb closed_toggle_font=\u00bbPoppins||||||||\u00bb toggle_font_size_tablet=\u00bb\u00bb toggle_font_size_phone=\u00bb25px\u00bb toggle_font_size_last_edited=\u00bbon|phone\u00bb open=\u00bboff\u00bb sticky_enabled=\u00bb0&#8243;]<\/p>\n<p><span>Crea modelos dimensionales usando altos vol\u00famenes de informaci\u00f3n, generando reportes y Dashboard, permitiendo el an\u00e1lisis de la informaci\u00f3n.<\/span><\/p>\n<p><a href=\"https:\/\/contratohumano.net\/co\/inteligencia-de-negocios\/\" class=\"course-btn\">Ver M\u00e1s<\/a><\/p>\n<p>[\/et_pb_accordion_item][\/et_pb_accordion][\/et_pb_column][\/et_pb_row][\/et_pb_section][et_pb_section fb_built=\u00bb1&#8243; admin_label=\u00bbCourses\u00bb _builder_version=\u00bb4.6.5&#8243; background_color=\u00bb#f7f7f7&#8243; custom_margin=\u00bb3px||||false|false\u00bb custom_padding=\u00bb100px|0px|100px|0px||\u00bb top_divider_style=\u00bbwave2&#8243; top_divider_color=\u00bbrgba(249,91,7,0.6)\u00bb bottom_divider_style=\u00bbcurve2&#8243; bottom_divider_color=\u00bb#f96f25&#8243; bottom_divider_flip=\u00bbhorizontal\u00bb][et_pb_row column_structure=\u00bb2_5,3_5&#8243; _builder_version=\u00bb3.25&#8243; background_size=\u00bbinitial\u00bb background_position=\u00bbtop_left\u00bb background_repeat=\u00bbrepeat\u00bb custom_margin=\u00bb|||\u00bb custom_padding=\u00bb0px|0px|27px|0px\u00bb][et_pb_column type=\u00bb2_5&#8243; _builder_version=\u00bb3.25&#8243; custom_padding=\u00bb|||\u00bb custom_padding__hover=\u00bb|||\u00bb][et_pb_cta title=\u00bbFormaci\u00f3n en Negociaci\u00f3n\u00bb button_url=\u00bb#\u00bb _builder_version=\u00bb4.5.6&#8243; header_font=\u00bbPoppins|600|||||||\u00bb header_text_color=\u00bb#f95b07&#8243; header_font_size=\u00bb30px\u00bb header_line_height=\u00bb1.2em\u00bb body_font=\u00bbPoppins|300|||||||\u00bb body_text_color=\u00bb#000000&#8243; body_font_size=\u00bb20px\u00bb body_line_height=\u00bb1.3em\u00bb background_color=\u00bb#ffffff\u00bb background_size=\u00bbinitial\u00bb background_position=\u00bbtop_left\u00bb background_repeat=\u00bbrepeat\u00bb custom_button=\u00bbon\u00bb button_text_color=\u00bb#747d88&#8243; button_border_width=\u00bb4px\u00bb button_border_color=\u00bb#747d88&#8243; button_border_radius=\u00bb100px\u00bb button_letter_spacing=\u00bb2px\u00bb button_font=\u00bbMontserrat|700||on|||||\u00bb button_icon=\u00bb%%36%%\u00bb button_icon_color=\u00bb#747d88&#8243; text_orientation=\u00bbleft\u00bb background_layout=\u00bblight\u00bb custom_margin=\u00bb20px|0px||0px|false|false\u00bb custom_padding=\u00bb20px|20px|20px|20px|true|true\u00bb animation_style=\u00bbslide\u00bb animation_direction=\u00bbtop\u00bb animation_intensity_slide=\u00bb6%\u00bb border_radii=\u00bboff|10px|10px||10px\u00bb box_shadow_style=\u00bbpreset2&#8243; box_shadow_horizontal=\u00bb0px\u00bb box_shadow_vertical=\u00bb0px\u00bb box_shadow_blur=\u00bb60px\u00bb box_shadow_color=\u00bbrgba(0,0,0,0.2)\u00bb button_bg_color_hover=\u00bbrgba(0,0,0,0)\u00bb locked=\u00bboff\u00bb button_text_size__hover_enabled=\u00bboff\u00bb button_one_text_size__hover_enabled=\u00bboff\u00bb button_two_text_size__hover_enabled=\u00bboff\u00bb button_text_color__hover_enabled=\u00bboff\u00bb button_one_text_color__hover_enabled=\u00bboff\u00bb button_two_text_color__hover_enabled=\u00bboff\u00bb button_border_width__hover_enabled=\u00bboff\u00bb button_one_border_width__hover_enabled=\u00bboff\u00bb button_two_border_width__hover_enabled=\u00bboff\u00bb button_border_color__hover_enabled=\u00bboff\u00bb button_one_border_color__hover_enabled=\u00bboff\u00bb button_two_border_color__hover_enabled=\u00bboff\u00bb button_border_radius__hover_enabled=\u00bboff\u00bb button_one_border_radius__hover_enabled=\u00bboff\u00bb button_two_border_radius__hover_enabled=\u00bboff\u00bb button_letter_spacing__hover_enabled=\u00bboff\u00bb button_one_letter_spacing__hover_enabled=\u00bboff\u00bb button_two_letter_spacing__hover_enabled=\u00bboff\u00bb button_bg_color__hover_enabled=\u00bbon\u00bb button_bg_color__hover=\u00bbrgba(0,0,0,0)\u00bb button_one_bg_color__hover_enabled=\u00bboff\u00bb button_two_bg_color__hover_enabled=\u00bboff\u00bb]<\/p>\n<p>Abordaremos<span>\u00a0el proceso de negociaci\u00f3n, recorriendo un camino donde encontraremos los componentes, las caracter\u00edsticas, los actores, la gram\u00e1tica y las habilidades necesarias para\u00a0lograr resultados m\u00e1s efectivos y con mayores beneficios de los esperados<\/span><\/p>\n<p>[\/et_pb_cta][\/et_pb_column][et_pb_column type=\u00bb3_5&#8243; _builder_version=\u00bb3.25&#8243; custom_padding=\u00bb|||\u00bb custom_padding__hover=\u00bb|||\u00bb][et_pb_accordion closed_toggle_text_color=\u00bbrgba(249,91,7,0.7)\u00bb icon_color=\u00bbrgba(249,91,7,0.54)\u00bb use_icon_font_size=\u00bbon\u00bb icon_font_size=\u00bb30px\u00bb _builder_version=\u00bb4.6.5&#8243; _module_preset=\u00bbdefault\u00bb animation_style=\u00bbslide\u00bb box_shadow_style=\u00bbpreset2&#8243; box_shadow_horizontal=\u00bb0px\u00bb box_shadow_vertical=\u00bb0px\u00bb box_shadow_blur=\u00bb60px\u00bb box_shadow_color=\u00bbrgba(0,0,0,0.2)\u00bb locked=\u00bboff\u00bb][et_pb_accordion_item title=\u00bbHabilidades de negociaci\u00f3n\u00bb open=\u00bbon\u00bb open_toggle_text_color=\u00bb#f95b07&#8243; _builder_version=\u00bb4.6.5&#8243; _module_preset=\u00bbdefault\u00bb body_font=\u00bbPoppins|300|||||||\u00bb body_text_color=\u00bb#000000&#8243; body_font_size=\u00bb20px\u00bb body_line_height=\u00bb1.3em\u00bb body_ul_position=\u00bbinside\u00bb body_ul_item_indent=\u00bb30px\u00bb body_ul_font=\u00bbPoppins|300|||||||\u00bb body_ul_text_color=\u00bb#000000&#8243; body_ul_font_size=\u00bb20px\u00bb custom_margin=\u00bb20px||20px||true|false\u00bb custom_padding=\u00bb|40px||40px|false|true\u00bb body_font_size_tablet=\u00bb\u00bb body_font_size_phone=\u00bb18px\u00bb body_font_size_last_edited=\u00bbon|phone\u00bb border_radii=\u00bboff|10px|10px|10px|\u00bb border_width_all=\u00bb0px\u00bb toggle_font=\u00bbPoppins||||||||\u00bb toggle_text_align=\u00bbleft\u00bb toggle_font_size=\u00bb26px\u00bb closed_toggle_font=\u00bbPoppins||||||||\u00bb toggle_font_size_tablet=\u00bb\u00bb toggle_font_size_phone=\u00bb25px\u00bb toggle_font_size_last_edited=\u00bbon|phone\u00bb]<\/p>\n<p><span>El estudiante reconocer\u00e1\u00a0el proceso de negociaci\u00f3n como el camino que lo llevar\u00e1 a lograr los mejores acuerdos. Conocer\u00e1\u00a0todos los elementos, las caracter\u00edsticas, los factores y las etapas que todo negociador debe tener en cuenta en el proceso.<\/span><\/p>\n<p><a href=\"https:\/\/contratohumano.net\/co\/curso-de-negociacion\/\" class=\"course-btn\">Ver M\u00e1s<\/a><\/p>\n<p>[\/et_pb_accordion_item][\/et_pb_accordion][\/et_pb_column][\/et_pb_row][\/et_pb_section]<\/p>\n","protected":false},"excerpt":{"rendered":"<p>capacitaci\u00f3n VirtualLos programas de formaci\u00f3n y capacitaci\u00f3n son una oportunidad para el fortalecimiento de las capacidades y competencias individuales.Le invitamos a que conozca las alternativas de formaci\u00f3n en entornos ciento por ciento virtuales que tenemos para usted.Nuestro entorno constantemente est\u00e1 generando grandes vol\u00famenes de informaci\u00f3n en los diferentes \u00e1mbitos de la vida, en donde su [&hellip;]<\/p>\n","protected":false},"author":1,"featured_media":0,"parent":0,"menu_order":0,"comment_status":"closed","ping_status":"closed","template":"","meta":{"_et_pb_use_builder":"on","_et_pb_old_content":"","_et_gb_content_width":"","footnotes":""},"class_list":["post-239","page","type-page","status-publish","hentry"],"_links":{"self":[{"href":"https:\/\/contratohumano.net\/co\/wp-json\/wp\/v2\/pages\/239","targetHints":{"allow":["GET"]}}],"collection":[{"href":"https:\/\/contratohumano.net\/co\/wp-json\/wp\/v2\/pages"}],"about":[{"href":"https:\/\/contratohumano.net\/co\/wp-json\/wp\/v2\/types\/page"}],"author":[{"embeddable":true,"href":"https:\/\/contratohumano.net\/co\/wp-json\/wp\/v2\/users\/1"}],"replies":[{"embeddable":true,"href":"https:\/\/contratohumano.net\/co\/wp-json\/wp\/v2\/comments?post=239"}],"version-history":[{"count":46,"href":"https:\/\/contratohumano.net\/co\/wp-json\/wp\/v2\/pages\/239\/revisions"}],"predecessor-version":[{"id":2052,"href":"https:\/\/contratohumano.net\/co\/wp-json\/wp\/v2\/pages\/239\/revisions\/2052"}],"wp:attachment":[{"href":"https:\/\/contratohumano.net\/co\/wp-json\/wp\/v2\/media?parent=239"}],"curies":[{"name":"wp","href":"https:\/\/api.w.org\/{rel}","templated":true}]}}